{"id":8,"date":"2017-08-22T14:40:33","date_gmt":"2017-08-22T12:40:33","guid":{"rendered":"http:\/\/fahrschulejantzen.com\/wordpress\/?page_id=8"},"modified":"2021-10-31T15:42:22","modified_gmt":"2021-10-31T14:42:22","slug":"ueber-mich","status":"publish","type":"page","link":"https:\/\/fahrschulejantzen.com\/wordpress\/ueber-mich\/","title":{"rendered":"\u00dcber uns"},"content":{"rendered":"<div data-colibri-id=\"8-c1\" class=\"style-391 style-local-8-c1 position-relative\">\n  <!---->\n  <div data-colibri-component=\"section\" data-colibri-id=\"8-c2\" id=\"about\" class=\"h-section h-section-global-spacing d-flex align-items-lg-center align-items-md-center align-items-center style-396 style-local-8-c2 position-relative\">\n    <!---->\n    <!---->\n    <div class=\"h-section-grid-container h-section-boxed-container\">\n      <div data-colibri-id=\"8-c7\" class=\"h-row-container gutters-row-lg-2 gutters-row-md-2 gutters-row-2 gutters-row-v-lg-2 gutters-row-v-md-2 gutters-row-v-2 style-401 style-local-8-c7 position-relative\">\n        <!---->\n        <div class=\"h-row justify-content-lg-center justify-content-md-center justify-content-center align-items-lg-stretch align-items-md-stretch align-items-stretch gutters-col-lg-2 gutters-col-md-2 gutters-col-2 gutters-col-v-lg-2 gutters-col-v-md-2 gutters-col-v-2\">\n          <!---->\n          <div class=\"h-column h-column-container d-flex h-col-lg-auto h-col-md-auto h-col-auto style-402-outer style-local-8-c8-outer\">\n            <div data-colibri-id=\"8-c8\" class=\"d-flex h-flex-basis h-column__inner h-px-lg-2 h-px-md-2 h-px-2 v-inner-lg-2 v-inner-md-2 v-inner-2 style-402 style-local-8-c8 position-relative\">\n              <!---->\n              <!---->\n              <div class=\"w-100 h-y-container h-column__content h-column__v-align flex-basis-100 align-self-lg-start align-self-md-start align-self-start\">\n                <!---->\n                <div data-colibri-id=\"8-c9\" class=\"h-global-transition-all h-heading style-404 style-local-8-c9 position-relative h-element\">\n                  <!---->\n                  <div class=\"h-heading__outer style-404 style-local-8-c9\">\n                    <!---->\n                    <!---->\n                    <h2 class=\"\">Bei der Fahrschule R&amp;G Jantzen stehen SIE im Mittelpunkt!<\/h2>\n                  <\/div>\n                <\/div>\n                <div data-colibri-id=\"8-c10\" class=\"h-lead h-text h-text-component style-405 style-local-8-c10 position-relative h-element\">\n                  <!---->\n                  <!---->\n                  <div class=\"\">\n                    <p>Ein F\u00fchrerschein ist heutzutage notwendig &#8211; bei der aktuellen Arbeitsmarktsituation ist er meist eine wichtige Voraussetzung, den Job zu bekommen oder zu sichern. Daher zeichnet sich der Trend ab, den F\u00fchrerschein schnell zu erwerben.\n                      <br>\n                      <br>Wir begleiten und f\u00fchren Sie sicher zu Ihrem Ziel, denn wir verstehen uns als Service- und Dienstleiser f\u00fcr Ihre Interessen!<\/p>\n                    <p>Wir bereiten Sie optimal auf alle Pr\u00fcfungen vor und helfen Ihnen individuell bei Ihren Fragen rund um den F\u00fchrerschein.\n                      <br>\n                      <br>Jeder Fahrsch\u00fcler hat unterschiedliche St\u00e4rken und Schw\u00e4chen. Wir nehmen uns Zeit f\u00fcr Sie und schulen Sie ganz pers\u00f6nlich. Fehler d\u00fcrfen gemacht werden, wir analysieren diese gemeinsam mit Ihnen und wandeln so alte Schw\u00e4chen in neue\n                      St\u00e4rken um. Wer gut ausgebildet ist, f\u00fchlt sich sicher und braucht keine Angst vor Pr\u00fcfungen zu haben.\n                      <br>\n                      <br><strong>Wir freuen uns auf Sie und arbeiten mit Ihnen f\u00fcr Ihren Erfolg!<\/strong>\n                      <br>\n                    <\/p>\n                  <\/div>\n                <\/div>\n              <\/div>\n            <\/div>\n          <\/div>\n        <\/div>\n      <\/div>\n      <div data-colibri-id=\"8-c3\" class=\"h-row-container gutters-row-lg-0 gutters-row-md-0 gutters-row-0 gutters-row-v-lg-0 gutters-row-v-md-0 gutters-row-v-0 style-397 style-local-8-c3 h-overflow-hidden position-relative\">\n        <!---->\n        <div class=\"h-row justify-content-lg-center justify-content-md-center justify-content-center align-items-lg-end align-items-md-end align-items-end gutters-col-lg-0 gutters-col-md-0 gutters-col-0 gutters-col-v-lg-0 gutters-col-v-md-0 gutters-col-v-0\">\n          <!---->\n          <div class=\"h-column h-column-container d-flex h-col-lg-auto h-col-md-auto h-col-auto align-self-lg-end align-self-md-end align-self-end style-398-outer style-local-8-c4-outer\">\n            <div data-colibri-id=\"8-c4\" class=\"d-flex h-flex-basis h-column__inner h-ui-empty-state-container h-px-lg-0 h-px-md-0 h-px-0 v-inner-lg-0 v-inner-md-0 v-inner-0 style-398 style-local-8-c4 position-relative\">\n              <!---->\n              <!---->\n              <div class=\"w-100 h-y-container h-column__content h-column__v-align flex-basis-100\">\n                <!---->\n              <\/div>\n            <\/div>\n          <\/div>\n          <div class=\"h-column h-column-container d-flex h-col-lg-auto h-col-md-auto h-col-auto align-self-lg-end align-self-md-end align-self-end style-399-outer style-local-8-c5-outer\">\n            <div data-colibri-id=\"8-c5\" class=\"d-flex h-flex-basis h-column__inner h-ui-empty-state-container h-px-lg-0 h-px-md-0 h-px-0 v-inner-lg-0 v-inner-md-0 v-inner-0 style-399 style-local-8-c5 position-relative\">\n              <!---->\n              <!---->\n              <div class=\"w-100 h-y-container h-column__content h-column__v-align flex-basis-100\">\n                <!---->\n              <\/div>\n            <\/div>\n          <\/div>\n          <div class=\"h-column h-column-container d-flex h-col-lg-auto h-col-md-auto h-col-auto align-self-lg-end align-self-md-end align-self-end style-400-outer style-local-8-c6-outer\">\n            <div data-colibri-id=\"8-c6\" class=\"d-flex h-flex-basis h-column__inner h-ui-empty-state-container h-px-lg-0 h-px-md-0 h-px-0 v-inner-lg-0 v-inner-md-0 v-inner-0 style-400 style-local-8-c6 position-relative\">\n              <!---->\n              <!---->\n              <div class=\"w-100 h-y-container h-column__content h-column__v-align flex-basis-100\">\n                <!---->\n              <\/div>\n            <\/div>\n          <\/div>\n        <\/div>\n      <\/div>\n    <\/div>\n  <\/div>\n  <div data-colibri-component=\"section\" data-colibri-id=\"8-c11\" id=\"team\" class=\"h-section h-section-global-spacing d-flex align-items-lg-center align-items-md-center align-items-center style-550 style-local-8-c11 position-relative\">\n    <!---->\n    <!---->\n    <div class=\"h-section-grid-container h-section-boxed-container\">\n      <div data-colibri-id=\"8-c25\" class=\"h-row-container gutters-row-lg-2 gutters-row-md-2 gutters-row-0 gutters-row-v-lg-2 gutters-row-v-md-2 gutters-row-v-2 style-560 style-local-8-c25 position-relative\">\n        <!---->\n        <div class=\"h-row justify-content-lg-center justify-content-md-center justify-content-center align-items-lg-stretch align-items-md-stretch align-items-stretch gutters-col-lg-2 gutters-col-md-2 gutters-col-0 gutters-col-v-lg-2 gutters-col-v-md-2 gutters-col-v-2\">\n          <!---->\n          <div class=\"h-column h-column-container d-flex h-col-lg-auto h-col-md-auto h-col-auto style-561-outer style-local-8-c26-outer\">\n            <div data-colibri-id=\"8-c26\" class=\"d-flex h-flex-basis h-column__inner h-px-lg-2 h-px-md-2 h-px-2 v-inner-lg-2 v-inner-md-2 v-inner-2 style-561 style-local-8-c26 position-relative\">\n              <!---->\n              <!---->\n              <div class=\"w-100 h-y-container h-column__content h-column__v-align flex-basis-100 align-self-lg-start align-self-md-start align-self-start\">\n                <!---->\n                <div data-colibri-id=\"8-c27\" class=\"h-global-transition-all h-heading style-562 style-local-8-c27 position-relative h-element\">\n                  <!---->\n                  <div class=\"h-heading__outer style-562 style-local-8-c27\">\n                    <!---->\n                    <!---->\n                    <h2 class=\"\">Unser Team<\/h2>\n                  <\/div>\n                <\/div>\n              <\/div>\n            <\/div>\n          <\/div>\n        <\/div>\n      <\/div>\n      <div data-colibri-id=\"8-c12\" class=\"h-row-container gutters-row-lg-2 gutters-row-md-2 gutters-row-2 gutters-row-v-lg-2 gutters-row-v-md-2 gutters-row-v-2 style-551 style-local-8-c12 position-relative\">\n        <!---->\n        <div class=\"h-row justify-content-lg-center justify-content-md-center justify-content-center align-items-lg-stretch align-items-md-stretch align-items-stretch gutters-col-lg-2 gutters-col-md-2 gutters-col-2 gutters-col-v-lg-2 gutters-col-v-md-2 gutters-col-v-2\">\n          <!---->\n          <div class=\"h-column h-column-container d-flex h-col-lg-4 h-col-md-6 h-col-12 style-552-outer style-local-8-c13-outer\">\n            <div data-colibri-id=\"8-c13\" class=\"d-flex h-flex-basis h-column__inner h-px-lg-0 h-px-md-0 h-px-0 v-inner-lg-0 v-inner-md-0 v-inner-0 style-552 style-local-8-c13 position-relative\">\n              <!---->\n              <!---->\n              <div class=\"w-100 h-y-container h-column__content h-column__v-align flex-basis-100 align-self-lg-start align-self-md-start align-self-start\">\n                <!---->\n                <div data-colibri-id=\"8-c14\" class=\"d-block style-553 style-local-8-c14 position-relative h-element\">\n                  <!---->\n                  <div class=\"h-image__frame-container-outer\">\n                    <div class=\"h-image__frame-container\">\n                      <!---->\n                      <!---->\n                      <img decoding=\"async\" width=\"1875\" height=\"1875\" data-src=\"https:\/\/fahrschulejantzen.com\/wordpress\/wp-content\/uploads\/2021\/10\/cropped-f7-scaled-1.jpg\" class=\"wp-image-540 style-553-image style-local-8-c14-image lazyload\" alt=\"\" data-srcset=\"https:\/\/fahrschulejantzen.com\/wordpress\/wp-content\/uploads\/2021\/10\/cropped-f7-scaled-1.jpg 1875w, https:\/\/fahrschulejantzen.com\/wordpress\/wp-content\/uploads\/2021\/10\/cropped-f7-scaled-1-300x300.jpg 300w, https:\/\/fahrschulejantzen.com\/wordpress\/wp-content\/uploads\/2021\/10\/cropped-f7-scaled-1-1024x1024.jpg 1024w, https:\/\/fahrschulejantzen.com\/wordpress\/wp-content\/uploads\/2021\/10\/cropped-f7-scaled-1-150x150.jpg 150w, https:\/\/fahrschulejantzen.com\/wordpress\/wp-content\/uploads\/2021\/10\/cropped-f7-scaled-1-768x768.jpg 768w, https:\/\/fahrschulejantzen.com\/wordpress\/wp-content\/uploads\/2021\/10\/cropped-f7-scaled-1-1536x1536.jpg 1536w\" data-sizes=\"(max-width: 1875px) 100vw, 1875px\" src=\"data:image\/svg+xml;base64,PHN2ZyB3aWR0aD0iMSIgaGVpZ2h0PSIxIiB4bWxucz0iaHR0cDovL3d3dy53My5vcmcvMjAwMC9zdmciPjwvc3ZnPg==\" style=\"--smush-placeholder-width: 1875px; --smush-placeholder-aspect-ratio: 1875\/1875;\" \/>\n                      <div class=\"h-image__frame h-hide-lg h-hide-md h-hide-sm style-553-frameImage style-local-8-c14-frameImage\"><\/div>\n                    <\/div>\n                  <\/div>\n                <\/div>\n                <div data-colibri-id=\"8-c15\" class=\"h-row-container gutters-row-lg-0 gutters-row-md-0 gutters-row-2 gutters-row-v-lg-0 gutters-row-v-md-0 gutters-row-v-2 style-554 style-local-8-c15 position-relative\">\n                  <!---->\n                  <div class=\"h-row justify-content-lg-center justify-content-md-center justify-content-center align-items-lg-stretch align-items-md-stretch align-items-stretch gutters-col-lg-0 gutters-col-md-0 gutters-col-2 gutters-col-v-lg-0 gutters-col-v-md-0 gutters-col-v-2\">\n                    <!---->\n                    <div class=\"h-column h-column-container d-flex h-col-lg-auto h-col-md-auto h-col-auto style-555-outer style-local-8-c16-outer\">\n                      <div data-colibri-id=\"8-c16\" class=\"d-flex h-flex-basis h-column__inner h-px-lg-2 h-px-md-3 h-px-2 v-inner-lg-2 v-inner-md-3 v-inner-2 style-555 style-local-8-c16 position-relative\">\n                        <!---->\n                        <!---->\n                        <div class=\"w-100 h-y-container h-column__content h-column__v-align flex-basis-100 align-self-lg-start align-self-md-start align-self-start\">\n                          <!---->\n                          <div data-colibri-id=\"8-c17\" class=\"h-global-transition-all h-heading style-556 style-local-8-c17 position-relative h-element\">\n                            <!---->\n                            <div class=\"h-heading__outer style-556 style-local-8-c17\">\n                              <!---->\n                              <!---->\n                              <h4 class=\"\">Rainhard Jantzen<\/h4>\n                            <\/div>\n                          <\/div>\n                          <div data-colibri-id=\"8-c18\" class=\"h-text h-text-component style-557 style-local-8-c18 position-relative h-element\">\n                            <!---->\n                            <!---->\n                            <div class=\"\">\n                              <p>Fahrlehrer<\/p>\n                            <\/div>\n                          <\/div>\n                        <\/div>\n                      <\/div>\n                    <\/div>\n                  <\/div>\n                <\/div>\n              <\/div>\n            <\/div>\n          <\/div>\n          <div class=\"h-column h-column-container d-flex h-col-lg-4 h-col-md-6 h-col-12 style-552-outer style-local-8-c19-outer\">\n            <div data-colibri-id=\"8-c19\" class=\"d-flex h-flex-basis h-column__inner h-px-lg-0 h-px-md-0 h-px-0 v-inner-lg-0 v-inner-md-0 v-inner-0 style-552 style-local-8-c19 position-relative\">\n              <!---->\n              <!---->\n              <div class=\"w-100 h-y-container h-column__content h-column__v-align flex-basis-100 align-self-lg-start align-self-md-start align-self-start\">\n                <!---->\n                <div data-colibri-id=\"8-c20\" class=\"d-block style-553 style-local-8-c20 position-relative h-element\">\n                  <!---->\n                  <div class=\"h-image__frame-container-outer\">\n                    <div class=\"h-image__frame-container\">\n                      <!---->\n                      <!---->\n                      <img decoding=\"async\" width=\"1146\" height=\"1134\" data-src=\"https:\/\/fahrschulejantzen.com\/wordpress\/wp-content\/uploads\/2021\/10\/cropped-f8-scaled-1.jpg\" class=\"wp-image-541 style-553-image style-local-8-c20-image lazyload\" alt=\"\" data-srcset=\"https:\/\/fahrschulejantzen.com\/wordpress\/wp-content\/uploads\/2021\/10\/cropped-f8-scaled-1.jpg 1146w, https:\/\/fahrschulejantzen.com\/wordpress\/wp-content\/uploads\/2021\/10\/cropped-f8-scaled-1-300x297.jpg 300w, https:\/\/fahrschulejantzen.com\/wordpress\/wp-content\/uploads\/2021\/10\/cropped-f8-scaled-1-1024x1013.jpg 1024w, https:\/\/fahrschulejantzen.com\/wordpress\/wp-content\/uploads\/2021\/10\/cropped-f8-scaled-1-768x760.jpg 768w\" data-sizes=\"(max-width: 1146px) 100vw, 1146px\" src=\"data:image\/svg+xml;base64,PHN2ZyB3aWR0aD0iMSIgaGVpZ2h0PSIxIiB4bWxucz0iaHR0cDovL3d3dy53My5vcmcvMjAwMC9zdmciPjwvc3ZnPg==\" style=\"--smush-placeholder-width: 1146px; --smush-placeholder-aspect-ratio: 1146\/1134;\" \/>\n                      <div class=\"h-image__frame h-hide-lg h-hide-md h-hide-sm style-553-frameImage style-local-8-c20-frameImage\"><\/div>\n                    <\/div>\n                  <\/div>\n                <\/div>\n                <div data-colibri-id=\"8-c21\" class=\"h-row-container gutters-row-lg-0 gutters-row-md-0 gutters-row-2 gutters-row-v-lg-0 gutters-row-v-md-0 gutters-row-v-2 style-554 style-local-8-c21 position-relative\">\n                  <!---->\n                  <div class=\"h-row justify-content-lg-center justify-content-md-center justify-content-center align-items-lg-stretch align-items-md-stretch align-items-stretch gutters-col-lg-0 gutters-col-md-0 gutters-col-2 gutters-col-v-lg-0 gutters-col-v-md-0 gutters-col-v-2\">\n                    <!---->\n                    <div class=\"h-column h-column-container d-flex h-col-lg-auto h-col-md-auto h-col-auto style-555-outer style-local-8-c22-outer\">\n                      <div data-colibri-id=\"8-c22\" class=\"d-flex h-flex-basis h-column__inner h-px-lg-2 h-px-md-3 h-px-2 v-inner-lg-2 v-inner-md-3 v-inner-2 style-555 style-local-8-c22 position-relative\">\n                        <!---->\n                        <!---->\n                        <div class=\"w-100 h-y-container h-column__content h-column__v-align flex-basis-100 align-self-lg-start align-self-md-start align-self-start\">\n                          <!---->\n                          <div data-colibri-id=\"8-c23\" class=\"h-global-transition-all h-heading style-556 style-local-8-c23 position-relative h-element\">\n                            <!---->\n                            <div class=\"h-heading__outer style-556 style-local-8-c23\">\n                              <!---->\n                              <!---->\n                              <h4 class=\"\">Gerdi Jantzen<\/h4>\n                            <\/div>\n                          <\/div>\n                          <div data-colibri-id=\"8-c24\" class=\"h-text h-text-component style-557 style-local-8-c24 position-relative h-element\">\n                            <!---->\n                            <!---->\n                            <div class=\"\">\n                              <p>B\u00fcro<\/p>\n                            <\/div>\n                          <\/div>\n                        <\/div>\n                      <\/div>\n                    <\/div>\n                  <\/div>\n                <\/div>\n              <\/div>\n            <\/div>\n          <\/div>\n        <\/div>\n      <\/div>\n    <\/div>\n  <\/div>\n  <div data-colibri-component=\"section\" data-colibri-id=\"8-c28\" id=\"custom\" class=\"h-section h-section-global-spacing d-flex align-items-lg-center align-items-md-center align-items-center style-408 style-local-8-c28 position-relative\">\n    <!---->\n    <!---->\n    <div class=\"h-section-grid-container h-section-boxed-container\">\n      <!---->\n      <div data-colibri-id=\"8-c29\" class=\"h-row-container gutters-row-lg-2 gutters-row-md-2 gutters-row-0 gutters-row-v-lg-2 gutters-row-v-md-2 gutters-row-v-2 style-411 style-local-8-c29 position-relative\">\n        <!---->\n        <div class=\"h-row justify-content-lg-center justify-content-md-center justify-content-center align-items-lg-stretch align-items-md-stretch align-items-stretch gutters-col-lg-2 gutters-col-md-2 gutters-col-0 gutters-col-v-lg-2 gutters-col-v-md-2 gutters-col-v-2\">\n          <!---->\n          <div class=\"h-column h-column-container d-flex h-col-lg-auto h-col-md-auto h-col-auto style-412-outer style-local-8-c30-outer\">\n            <div data-colibri-id=\"8-c30\" class=\"d-flex h-flex-basis h-column__inner h-px-lg-2 h-px-md-2 h-px-2 v-inner-lg-2 v-inner-md-2 v-inner-2 style-412 style-local-8-c30 position-relative\">\n              <!---->\n              <!---->\n              <div class=\"w-100 h-y-container h-column__content h-column__v-align flex-basis-100 align-self-lg-start align-self-md-start align-self-start\">\n                <!---->\n                <div data-colibri-id=\"8-c31\" class=\"h-global-transition-all h-heading style-413 style-local-8-c31 position-relative h-element\">\n                  <!---->\n                  <div class=\"h-heading__outer style-413 style-local-8-c31\">\n                    <!---->\n                    <!---->\n                    <h1 class=\"\">Wieviel kostet der PKW-F\u00fchrerschein?<\/h1>\n                  <\/div>\n                <\/div>\n              <\/div>\n            <\/div>\n          <\/div>\n        <\/div>\n      <\/div>\n      <div data-colibri-id=\"8-c32\" class=\"h-row-container gutters-row-lg-2 gutters-row-md-2 gutters-row-0 gutters-row-v-lg-2 gutters-row-v-md-2 gutters-row-v-2 style-409 style-local-8-c32 position-relative\">\n        <!---->\n        <div class=\"h-row justify-content-lg-center justify-content-md-center justify-content-center align-items-lg-stretch align-items-md-stretch align-items-stretch gutters-col-lg-2 gutters-col-md-2 gutters-col-0 gutters-col-v-lg-2 gutters-col-v-md-2 gutters-col-v-2\">\n          <!---->\n          <div class=\"h-column h-column-container d-flex h-col-lg-auto h-col-md-auto h-col-auto style-410-outer style-local-8-c33-outer\">\n            <div data-colibri-id=\"8-c33\" class=\"d-flex h-flex-basis h-column__inner h-px-lg-2 h-px-md-2 h-px-2 v-inner-lg-2 v-inner-md-2 v-inner-2 style-410 style-local-8-c33 position-relative\">\n              <!---->\n              <!---->\n              <div class=\"w-100 h-y-container h-column__content h-column__v-align flex-basis-100 align-self-lg-start align-self-md-start align-self-start\">\n                <!---->\n                <div data-colibri-id=\"8-c34\" class=\"h-text h-text-component style-414 style-local-8-c34 position-relative h-element\">\n                  <!---->\n                  <!---->\n                  <div class=\"\">\n                    <p>Es gibt keinen Pauschalpreis, da dieser u.a. abh\u00e4ngig von den individuellen F\u00e4higkeiten und der Anzahl der ben\u00f6tigten Fahrstunden ist. Dazu kommen Anmelde- und Pr\u00fcfungs-Geb\u00fchren, Pflichtstunden etc. Weitere Infos siehe Preise oder\n                      via Kontakt.<\/p>\n                  <\/div>\n                <\/div>\n              <\/div>\n            <\/div>\n          <\/div>\n        <\/div>\n      <\/div>\n    <\/div>\n  <\/div>\n<\/div>","protected":false},"excerpt":{"rendered":"<p>Bei der Fahrschule R&amp;G Jantzen stehen SIE im Mittelpunkt! Ein F\u00fchrerschein ist heutzutage notwendig &#8211; bei der aktuellen Arbeitsmarktsituation ist er meist eine wichtige Voraussetzung, den Job zu bekommen oder zu sichern. Daher zeichnet sich der Trend ab, den F\u00fchrerschein schnell zu erwerben. Wir begleiten und f\u00fchren Sie sicher zu Ihrem Ziel, denn wir verstehen [&hellip;]<\/p>\n","protected":false},"author":1,"featured_media":33,"parent":0,"menu_order":0,"comment_status":"closed","ping_status":"closed","template":"page-templates\/full-width-page.php","meta":{"inline_featured_image":false,"footnotes":""},"class_list":["post-8","page","type-page","status-publish","has-post-thumbnail","hentry"],"_links":{"self":[{"href":"https:\/\/fahrschulejantzen.com\/wordpress\/wp-json\/wp\/v2\/pages\/8","targetHints":{"allow":["GET"]}}],"collection":[{"href":"https:\/\/fahrschulejantzen.com\/wordpress\/wp-json\/wp\/v2\/pages"}],"about":[{"href":"https:\/\/fahrschulejantzen.com\/wordpress\/wp-json\/wp\/v2\/types\/page"}],"author":[{"embeddable":true,"href":"https:\/\/fahrschulejantzen.com\/wordpress\/wp-json\/wp\/v2\/users\/1"}],"replies":[{"embeddable":true,"href":"https:\/\/fahrschulejantzen.com\/wordpress\/wp-json\/wp\/v2\/comments?post=8"}],"version-history":[{"count":10,"href":"https:\/\/fahrschulejantzen.com\/wordpress\/wp-json\/wp\/v2\/pages\/8\/revisions"}],"predecessor-version":[{"id":664,"href":"https:\/\/fahrschulejantzen.com\/wordpress\/wp-json\/wp\/v2\/pages\/8\/revisions\/664"}],"wp:featuredmedia":[{"embeddable":true,"href":"https:\/\/fahrschulejantzen.com\/wordpress\/wp-json\/wp\/v2\/media\/33"}],"wp:attachment":[{"href":"https:\/\/fahrschulejantzen.com\/wordpress\/wp-json\/wp\/v2\/media?parent=8"}],"curies":[{"name":"wp","href":"https:\/\/api.w.org\/{rel}","templated":true}]}}