{"id":42,"date":"2017-08-22T15:05:10","date_gmt":"2017-08-22T13:05:10","guid":{"rendered":"http:\/\/fahrschulejantzen.com\/wordpress\/?page_id=42"},"modified":"2023-12-18T01:09:55","modified_gmt":"2023-12-18T00:09:55","slug":"hochspeyer","status":"publish","type":"page","link":"https:\/\/fahrschulejantzen.com\/wordpress\/fahrschulen\/hochspeyer\/","title":{"rendered":"Hochspeyer"},"content":{"rendered":"<div data-colibri-id=\"42-c1\" class=\"style-376 style-local-42-c1 position-relative\">\n  <!---->\n  <div data-colibri-component=\"section\" data-colibri-id=\"42-c2\" id=\"about\" class=\"h-section h-section-global-spacing d-flex align-items-lg-center align-items-md-center align-items-center style-381 style-local-42-c2 position-relative\">\n    <!---->\n    <!---->\n    <div class=\"h-section-grid-container h-section-boxed-container\">\n      <!---->\n      <div data-colibri-id=\"42-c3\" class=\"h-row-container gutters-row-lg-2 gutters-row-md-2 gutters-row-2 gutters-row-v-lg-2 gutters-row-v-md-2 gutters-row-v-2 style-382 style-local-42-c3 position-relative\">\n        <!---->\n        <div class=\"h-row justify-content-lg-center justify-content-md-center justify-content-center align-items-lg-stretch align-items-md-stretch align-items-stretch gutters-col-lg-2 gutters-col-md-2 gutters-col-2 gutters-col-v-lg-2 gutters-col-v-md-2 gutters-col-v-2\">\n          <!---->\n          <div class=\"h-column h-column-container d-flex h-col-lg-auto h-col-md-auto h-col-auto style-389-outer style-local-42-c4-outer\">\n            <div data-colibri-id=\"42-c4\" class=\"d-flex h-flex-basis h-column__inner h-px-lg-2 h-px-md-2 h-px-2 v-inner-lg-2 v-inner-md-2 v-inner-2 style-389 style-local-42-c4 position-relative\">\n              <!---->\n              <!---->\n              <div class=\"w-100 h-y-container h-column__content h-column__v-align flex-basis-100 align-self-lg-center align-self-md-center align-self-center\">\n                <!---->\n                <div data-colibri-id=\"42-c5\" class=\"d-block style-390 style-local-42-c5 position-relative h-element\">\n                  <!---->\n                  <div class=\"h-image__frame-container-outer\">\n                    <div class=\"h-image__frame-container\">\n                      <!---->\n                      <!---->\n                      <img decoding=\"async\" width=\"1967\" height=\"2560\" data-src=\"https:\/\/fahrschulejantzen.com\/wordpress\/wp-content\/uploads\/2021\/10\/cropped-f4-scaled-1.jpg\" class=\"wp-image-643 style-390-image style-local-42-c5-image lazyload\" alt=\"\" data-srcset=\"https:\/\/fahrschulejantzen.com\/wordpress\/wp-content\/uploads\/2021\/10\/cropped-f4-scaled-1.jpg 1967w, https:\/\/fahrschulejantzen.com\/wordpress\/wp-content\/uploads\/2021\/10\/cropped-f4-scaled-1-231x300.jpg 231w, https:\/\/fahrschulejantzen.com\/wordpress\/wp-content\/uploads\/2021\/10\/cropped-f4-scaled-1-787x1024.jpg 787w, https:\/\/fahrschulejantzen.com\/wordpress\/wp-content\/uploads\/2021\/10\/cropped-f4-scaled-1-768x1000.jpg 768w, https:\/\/fahrschulejantzen.com\/wordpress\/wp-content\/uploads\/2021\/10\/cropped-f4-scaled-1-1180x1536.jpg 1180w, https:\/\/fahrschulejantzen.com\/wordpress\/wp-content\/uploads\/2021\/10\/cropped-f4-scaled-1-1574x2048.jpg 1574w\" data-sizes=\"(max-width: 1967px) 100vw, 1967px\" src=\"data:image\/svg+xml;base64,PHN2ZyB3aWR0aD0iMSIgaGVpZ2h0PSIxIiB4bWxucz0iaHR0cDovL3d3dy53My5vcmcvMjAwMC9zdmciPjwvc3ZnPg==\" style=\"--smush-placeholder-width: 1967px; --smush-placeholder-aspect-ratio: 1967\/2560;\" \/>\n                      <div class=\"h-image__frame h-hide-sm style-390-frameImage style-local-42-c5-frameImage\"><\/div>\n                    <\/div>\n                  <\/div>\n                <\/div>\n              <\/div>\n            <\/div>\n          <\/div>\n          <div class=\"h-column h-column-container d-flex h-col-lg-auto h-col-md-auto h-col-auto style-383-outer style-local-42-c6-outer\">\n            <div data-colibri-id=\"42-c6\" class=\"d-flex h-flex-basis h-column__inner h-px-lg-2 h-px-md-2 h-px-2 v-inner-lg-2 v-inner-md-2 v-inner-2 style-383 style-local-42-c6 position-relative\">\n              <!---->\n              <!---->\n              <div class=\"w-100 h-y-container h-column__content h-column__v-align flex-basis-100 align-self-lg-center align-self-md-center align-self-center\">\n                <!---->\n                <div data-colibri-id=\"42-c7\" class=\"h-global-transition-all h-heading style-384 style-local-42-c7 position-relative h-element\">\n                  <!---->\n                  <div class=\"h-heading__outer style-384 style-local-42-c7\">\n                    <!---->\n                    <!---->\n                    <h5 class=\"\">Trippstadter Stra\u00dfe 15\n                      <br>\u00d6ffnungszeiten: Fr. 16:45-18:15 Uhr<\/h5>\n                  <\/div>\n                <\/div>\n                <div data-colibri-id=\"42-c8\" class=\"h-text h-text-component style-386 style-local-42-c8 position-relative h-element\">\n                  <!---->\n                  <!---->\n                  <div class=\"\">\n                    <p>In unserer Hochspeyrer Filiale in der Trippstadter Stra\u00dfe 15 finden jeden Freitag Theoriestunden von 16:45 Uhr bis 18:15 statt.&nbsp;<\/p>\n                  <\/div>\n                <\/div>\n              <\/div>\n            <\/div>\n          <\/div>\n        <\/div>\n      <\/div>\n    <\/div>\n  <\/div>\n  <div data-colibri-component=\"section\" data-colibri-id=\"42-c9\" id=\"custom\" class=\"h-section h-section-global-spacing d-flex align-items-lg-center align-items-md-center align-items-center style-572 style-local-42-c9 position-relative\">\n    <!---->\n    <!---->\n    <div class=\"h-section-grid-container h-section-boxed-container\">\n      <!---->\n      <div data-colibri-id=\"42-c10\" class=\"h-row-container gutters-row-lg-2 gutters-row-md-2 gutters-row-0 gutters-row-v-lg-2 gutters-row-v-md-2 gutters-row-v-2 style-573 style-local-42-c10 position-relative\">\n        <!---->\n        <div class=\"h-row justify-content-lg-center justify-content-md-center justify-content-center align-items-lg-stretch align-items-md-stretch align-items-stretch gutters-col-lg-2 gutters-col-md-2 gutters-col-0 gutters-col-v-lg-2 gutters-col-v-md-2 gutters-col-v-2\">\n          <!---->\n          <div class=\"h-column h-column-container d-flex h-col-lg-auto h-col-md-auto h-col-auto style-574-outer style-local-42-c11-outer\">\n            <div data-colibri-id=\"42-c11\" class=\"d-flex h-flex-basis h-column__inner h-px-lg-2 h-px-md-2 h-px-2 v-inner-lg-2 v-inner-md-2 v-inner-2 style-574 style-local-42-c11 position-relative\">\n              <!---->\n              <!---->\n              <div class=\"w-100 h-y-container h-column__content h-column__v-align flex-basis-100 align-self-lg-start align-self-md-start align-self-start\">\n                <!---->\n                <div data-colibri-id=\"42-c12\" class=\"d-block style-575 style-local-42-c12 position-relative h-element\">\n                  <!---->\n                  <div class=\"h-image__frame-container-outer\">\n                    <div class=\"h-image__frame-container\">\n                      <!---->\n                      <!---->\n                      <img decoding=\"async\" width=\"1207\" height=\"960\" data-src=\"https:\/\/fahrschulejantzen.com\/wordpress\/wp-content\/uploads\/2021\/12\/cropped-photo_2021-12-20_00-58-30.jpg\" class=\"wp-image-672 style-575-image style-local-42-c12-image lazyload\" alt=\"\" data-srcset=\"https:\/\/fahrschulejantzen.com\/wordpress\/wp-content\/uploads\/2021\/12\/cropped-photo_2021-12-20_00-58-30.jpg 1207w, https:\/\/fahrschulejantzen.com\/wordpress\/wp-content\/uploads\/2021\/12\/cropped-photo_2021-12-20_00-58-30-300x239.jpg 300w, https:\/\/fahrschulejantzen.com\/wordpress\/wp-content\/uploads\/2021\/12\/cropped-photo_2021-12-20_00-58-30-1024x814.jpg 1024w, https:\/\/fahrschulejantzen.com\/wordpress\/wp-content\/uploads\/2021\/12\/cropped-photo_2021-12-20_00-58-30-768x611.jpg 768w\" data-sizes=\"(max-width: 1207px) 100vw, 1207px\" src=\"data:image\/svg+xml;base64,PHN2ZyB3aWR0aD0iMSIgaGVpZ2h0PSIxIiB4bWxucz0iaHR0cDovL3d3dy53My5vcmcvMjAwMC9zdmciPjwvc3ZnPg==\" style=\"--smush-placeholder-width: 1207px; --smush-placeholder-aspect-ratio: 1207\/960;\" \/>\n                      <div class=\"h-image__frame h-hide-lg h-hide-md h-hide-sm style-575-frameImage style-local-42-c12-frameImage\"><\/div>\n                    <\/div>\n                  <\/div>\n                <\/div>\n              <\/div>\n            <\/div>\n          <\/div>\n        <\/div>\n      <\/div>\n    <\/div>\n  <\/div>\n<\/div>","protected":false},"excerpt":{"rendered":"<p>Trippstadter Stra\u00dfe 15 \u00d6ffnungszeiten: Fr. 16:45-18:15 Uhr In unserer Hochspeyrer Filiale in der Trippstadter Stra\u00dfe 15 finden jeden Freitag Theoriestunden von 16:45 Uhr bis 18:15 statt.&nbsp;<\/p>\n","protected":false},"author":1,"featured_media":101,"parent":36,"menu_order":0,"comment_status":"closed","ping_status":"closed","template":"page-templates\/full-width-page.php","meta":{"inline_featured_image":false,"footnotes":""},"class_list":["post-42","page","type-page","status-publish","has-post-thumbnail","hentry"],"_links":{"self":[{"href":"https:\/\/fahrschulejantzen.com\/wordpress\/wp-json\/wp\/v2\/pages\/42","targetHints":{"allow":["GET"]}}],"collection":[{"href":"https:\/\/fahrschulejantzen.com\/wordpress\/wp-json\/wp\/v2\/pages"}],"about":[{"href":"https:\/\/fahrschulejantzen.com\/wordpress\/wp-json\/wp\/v2\/types\/page"}],"author":[{"embeddable":true,"href":"https:\/\/fahrschulejantzen.com\/wordpress\/wp-json\/wp\/v2\/users\/1"}],"replies":[{"embeddable":true,"href":"https:\/\/fahrschulejantzen.com\/wordpress\/wp-json\/wp\/v2\/comments?post=42"}],"version-history":[{"count":13,"href":"https:\/\/fahrschulejantzen.com\/wordpress\/wp-json\/wp\/v2\/pages\/42\/revisions"}],"predecessor-version":[{"id":1084,"href":"https:\/\/fahrschulejantzen.com\/wordpress\/wp-json\/wp\/v2\/pages\/42\/revisions\/1084"}],"up":[{"embeddable":true,"href":"https:\/\/fahrschulejantzen.com\/wordpress\/wp-json\/wp\/v2\/pages\/36"}],"wp:featuredmedia":[{"embeddable":true,"href":"https:\/\/fahrschulejantzen.com\/wordpress\/wp-json\/wp\/v2\/media\/101"}],"wp:attachment":[{"href":"https:\/\/fahrschulejantzen.com\/wordpress\/wp-json\/wp\/v2\/media?parent=42"}],"curies":[{"name":"wp","href":"https:\/\/api.w.org\/{rel}","templated":true}]}}