{"id":40,"date":"2017-08-22T15:04:49","date_gmt":"2017-08-22T13:04:49","guid":{"rendered":"http:\/\/fahrschulejantzen.com\/wordpress\/?page_id=40"},"modified":"2021-10-31T15:38:47","modified_gmt":"2021-10-31T14:38:47","slug":"enkenbach-alsenborn","status":"publish","type":"page","link":"https:\/\/fahrschulejantzen.com\/wordpress\/fahrschulen\/enkenbach-alsenborn\/","title":{"rendered":"Enkenbach-Alsenborn"},"content":{"rendered":"<div data-colibri-id=\"40-c1\" class=\"style-353 style-local-40-c1 position-relative\">\n  <!---->\n  <div data-colibri-component=\"section\" data-colibri-id=\"40-c2\" id=\"about\" class=\"h-section h-section-global-spacing d-flex align-items-lg-center align-items-md-center align-items-center style-358 style-local-40-c2 position-relative\">\n    <!---->\n    <!---->\n    <div class=\"h-section-grid-container h-section-boxed-container\">\n      <!---->\n      <div data-colibri-id=\"40-c3\" class=\"h-row-container gutters-row-lg-2 gutters-row-md-2 gutters-row-2 gutters-row-v-lg-2 gutters-row-v-md-2 gutters-row-v-2 style-359 style-local-40-c3 position-relative\">\n        <!---->\n        <div class=\"h-row justify-content-lg-center justify-content-md-center justify-content-center align-items-lg-stretch align-items-md-stretch align-items-stretch gutters-col-lg-2 gutters-col-md-2 gutters-col-2 gutters-col-v-lg-2 gutters-col-v-md-2 gutters-col-v-2\">\n          <!---->\n          <div class=\"h-column h-column-container d-flex h-col-lg-auto h-col-md-auto h-col-auto style-360-outer style-local-40-c4-outer\">\n            <div data-colibri-id=\"40-c4\" class=\"d-flex h-flex-basis h-column__inner h-px-lg-2 h-px-md-2 h-px-2 v-inner-lg-2 v-inner-md-2 v-inner-2 style-360 style-local-40-c4 position-relative\">\n              <!---->\n              <!---->\n              <div class=\"w-100 h-y-container h-column__content h-column__v-align flex-basis-100 align-self-lg-center align-self-md-center align-self-center\">\n                <!---->\n                <div data-colibri-id=\"40-c5\" class=\"h-global-transition-all h-heading style-361 style-local-40-c5 position-relative h-element\">\n                  <!---->\n                  <div class=\"h-heading__outer style-361 style-local-40-c5\">\n                    <!---->\n                    <!---->\n                    <h5 class=\"\">Marktstra\u00dfe 8\n                      <br>\u00d6ffnungszeiten: Di. und Do. 18:30-20:30 Uhr<\/h5>\n                  <\/div>\n                <\/div>\n                <div data-colibri-id=\"40-c6\" class=\"h-text h-text-component style-363 style-local-40-c6 position-relative h-element\">\n                  <!---->\n                  <!---->\n                  <div class=\"\">\n                    <p>In unserer Enkenbacher Filiale in der Marktstra\u00dfe 8 finden jeden Dienstag und Donnerstag Theoriestunden von 19:00 Uhr bis 20:30 statt.&nbsp;<\/p>\n                    <p>Die Filiale hat dabei schon um 18:30 f\u00fcr Sie ge\u00f6ffnet, bei der wir gerne Ihre Fragen beantworten und Sie sich f\u00fcr den F\u00fchrerschein anmelden k\u00f6nnen.<\/p>\n                  <\/div>\n                <\/div>\n              <\/div>\n            <\/div>\n          <\/div>\n          <div class=\"h-column h-column-container d-flex h-col-lg-auto h-col-md-auto h-col-auto style-366-outer style-local-40-c7-outer\">\n            <div data-colibri-id=\"40-c7\" class=\"d-flex h-flex-basis h-column__inner h-px-lg-2 h-px-md-2 h-px-2 v-inner-lg-2 v-inner-md-2 v-inner-2 style-366 style-local-40-c7 position-relative\">\n              <!---->\n              <!---->\n              <div class=\"w-100 h-y-container h-column__content h-column__v-align flex-basis-100 align-self-lg-center align-self-md-center align-self-center\">\n                <!---->\n                <div data-colibri-id=\"40-c8\" class=\"d-block style-367 style-local-40-c8 position-relative h-element\">\n                  <!---->\n                  <div class=\"h-image__frame-container-outer\">\n                    <div class=\"h-image__frame-container\">\n                      <!---->\n                      <!---->\n                      <img decoding=\"async\" width=\"2560\" height=\"1804\" data-src=\"https:\/\/fahrschulejantzen.com\/wordpress\/wp-content\/uploads\/2021\/10\/cropped-j26-scaled-1.jpg\" class=\"wp-image-654 style-367-image style-local-40-c8-image lazyload\" alt=\"\" data-srcset=\"https:\/\/fahrschulejantzen.com\/wordpress\/wp-content\/uploads\/2021\/10\/cropped-j26-scaled-1.jpg 2560w, https:\/\/fahrschulejantzen.com\/wordpress\/wp-content\/uploads\/2021\/10\/cropped-j26-scaled-1-300x211.jpg 300w, https:\/\/fahrschulejantzen.com\/wordpress\/wp-content\/uploads\/2021\/10\/cropped-j26-scaled-1-1024x722.jpg 1024w, https:\/\/fahrschulejantzen.com\/wordpress\/wp-content\/uploads\/2021\/10\/cropped-j26-scaled-1-768x541.jpg 768w, https:\/\/fahrschulejantzen.com\/wordpress\/wp-content\/uploads\/2021\/10\/cropped-j26-scaled-1-1536x1082.jpg 1536w, https:\/\/fahrschulejantzen.com\/wordpress\/wp-content\/uploads\/2021\/10\/cropped-j26-scaled-1-2048x1443.jpg 2048w\" data-sizes=\"(max-width: 2560px) 100vw, 2560px\" src=\"data:image\/svg+xml;base64,PHN2ZyB3aWR0aD0iMSIgaGVpZ2h0PSIxIiB4bWxucz0iaHR0cDovL3d3dy53My5vcmcvMjAwMC9zdmciPjwvc3ZnPg==\" style=\"--smush-placeholder-width: 2560px; --smush-placeholder-aspect-ratio: 2560\/1804;\" \/>\n                      <div class=\"h-image__frame h-hide-sm style-367-frameImage style-local-40-c8-frameImage\"><\/div>\n                    <\/div>\n                  <\/div>\n                <\/div>\n              <\/div>\n            <\/div>\n          <\/div>\n        <\/div>\n      <\/div>\n    <\/div>\n  <\/div>\n  <div data-colibri-component=\"section\" data-colibri-id=\"40-c9\" id=\"custom\" class=\"h-section h-section-global-spacing d-flex align-items-lg-center align-items-md-center align-items-center style-576 style-local-40-c9 position-relative\">\n    <!---->\n    <!---->\n    <div class=\"h-section-grid-container h-section-boxed-container\">\n      <!---->\n      <div data-colibri-id=\"40-c10\" class=\"h-row-container gutters-row-lg-2 gutters-row-md-2 gutters-row-0 gutters-row-v-lg-2 gutters-row-v-md-2 gutters-row-v-2 style-577 style-local-40-c10 position-relative\">\n        <!---->\n        <div class=\"h-row justify-content-lg-center justify-content-md-center justify-content-center align-items-lg-stretch align-items-md-stretch align-items-stretch gutters-col-lg-2 gutters-col-md-2 gutters-col-0 gutters-col-v-lg-2 gutters-col-v-md-2 gutters-col-v-2\">\n          <!---->\n          <div class=\"h-column h-column-container d-flex h-col-lg-auto h-col-md-auto h-col-auto style-578-outer style-local-40-c11-outer\">\n            <div data-colibri-id=\"40-c11\" class=\"d-flex h-flex-basis h-column__inner h-px-lg-2 h-px-md-2 h-px-2 v-inner-lg-2 v-inner-md-2 v-inner-2 style-578 style-local-40-c11 position-relative\">\n              <!---->\n              <!---->\n              <div class=\"w-100 h-y-container h-column__content h-column__v-align flex-basis-100 align-self-lg-start align-self-md-start align-self-start\">\n                <!---->\n                <div data-colibri-id=\"40-c12\" class=\"d-block style-579 style-local-40-c12 position-relative h-element\">\n                  <!---->\n                  <div class=\"h-image__frame-container-outer\">\n                    <div class=\"h-image__frame-container\">\n                      <!---->\n                      <!---->\n                      <img decoding=\"async\" width=\"2146\" height=\"1792\" data-src=\"https:\/\/fahrschulejantzen.com\/wordpress\/wp-content\/uploads\/2021\/10\/cropped-cropped-f11-scaled-1.jpg\" class=\"wp-image-653 style-579-image style-local-40-c12-image lazyload\" alt=\"\" data-srcset=\"https:\/\/fahrschulejantzen.com\/wordpress\/wp-content\/uploads\/2021\/10\/cropped-cropped-f11-scaled-1.jpg 2146w, https:\/\/fahrschulejantzen.com\/wordpress\/wp-content\/uploads\/2021\/10\/cropped-cropped-f11-scaled-1-300x251.jpg 300w, https:\/\/fahrschulejantzen.com\/wordpress\/wp-content\/uploads\/2021\/10\/cropped-cropped-f11-scaled-1-1024x855.jpg 1024w, https:\/\/fahrschulejantzen.com\/wordpress\/wp-content\/uploads\/2021\/10\/cropped-cropped-f11-scaled-1-768x641.jpg 768w, https:\/\/fahrschulejantzen.com\/wordpress\/wp-content\/uploads\/2021\/10\/cropped-cropped-f11-scaled-1-1536x1283.jpg 1536w, https:\/\/fahrschulejantzen.com\/wordpress\/wp-content\/uploads\/2021\/10\/cropped-cropped-f11-scaled-1-2048x1710.jpg 2048w\" data-sizes=\"(max-width: 2146px) 100vw, 2146px\" src=\"data:image\/svg+xml;base64,PHN2ZyB3aWR0aD0iMSIgaGVpZ2h0PSIxIiB4bWxucz0iaHR0cDovL3d3dy53My5vcmcvMjAwMC9zdmciPjwvc3ZnPg==\" style=\"--smush-placeholder-width: 2146px; --smush-placeholder-aspect-ratio: 2146\/1792;\" \/>\n                      <div class=\"h-image__frame h-hide-lg h-hide-md h-hide-sm style-579-frameImage style-local-40-c12-frameImage\"><\/div>\n                    <\/div>\n                  <\/div>\n                <\/div>\n              <\/div>\n            <\/div>\n          <\/div>\n        <\/div>\n      <\/div>\n    <\/div>\n  <\/div>\n<\/div>","protected":false},"excerpt":{"rendered":"<p>Marktstra\u00dfe 8 \u00d6ffnungszeiten: Di. und Do. 18:30-20:30 Uhr In unserer Enkenbacher Filiale in der Marktstra\u00dfe 8 finden jeden Dienstag und Donnerstag Theoriestunden von 19:00 Uhr bis 20:30 statt.&nbsp; Die Filiale hat dabei schon um 18:30 f\u00fcr Sie ge\u00f6ffnet, bei der wir gerne Ihre Fragen beantworten und Sie sich f\u00fcr den F\u00fchrerschein anmelden k\u00f6nnen.<\/p>\n","protected":false},"author":1,"featured_media":49,"parent":36,"menu_order":0,"comment_status":"closed","ping_status":"closed","template":"page-templates\/full-width-page.php","meta":{"inline_featured_image":false,"footnotes":""},"class_list":["post-40","page","type-page","status-publish","has-post-thumbnail","hentry"],"_links":{"self":[{"href":"https:\/\/fahrschulejantzen.com\/wordpress\/wp-json\/wp\/v2\/pages\/40","targetHints":{"allow":["GET"]}}],"collection":[{"href":"https:\/\/fahrschulejantzen.com\/wordpress\/wp-json\/wp\/v2\/pages"}],"about":[{"href":"https:\/\/fahrschulejantzen.com\/wordpress\/wp-json\/wp\/v2\/types\/page"}],"author":[{"embeddable":true,"href":"https:\/\/fahrschulejantzen.com\/wordpress\/wp-json\/wp\/v2\/users\/1"}],"replies":[{"embeddable":true,"href":"https:\/\/fahrschulejantzen.com\/wordpress\/wp-json\/wp\/v2\/comments?post=40"}],"version-history":[{"count":7,"href":"https:\/\/fahrschulejantzen.com\/wordpress\/wp-json\/wp\/v2\/pages\/40\/revisions"}],"predecessor-version":[{"id":656,"href":"https:\/\/fahrschulejantzen.com\/wordpress\/wp-json\/wp\/v2\/pages\/40\/revisions\/656"}],"up":[{"embeddable":true,"href":"https:\/\/fahrschulejantzen.com\/wordpress\/wp-json\/wp\/v2\/pages\/36"}],"wp:featuredmedia":[{"embeddable":true,"href":"https:\/\/fahrschulejantzen.com\/wordpress\/wp-json\/wp\/v2\/media\/49"}],"wp:attachment":[{"href":"https:\/\/fahrschulejantzen.com\/wordpress\/wp-json\/wp\/v2\/media?parent=40"}],"curies":[{"name":"wp","href":"https:\/\/api.w.org\/{rel}","templated":true}]}}